{"id":70,"date":"2023-11-21T10:20:47","date_gmt":"2023-11-21T10:20:47","guid":{"rendered":"https:\/\/bee-cie.com\/?page_id=70"},"modified":"2023-11-21T10:32:45","modified_gmt":"2023-11-21T10:32:45","slug":"a-propos-2","status":"publish","type":"page","link":"https:\/\/bee-cie.com\/index.php\/a-propos-2\/","title":{"rendered":"Eco-parrainage Bee &amp; Cie"},"content":{"rendered":"\n<p>Vous voulez mener un projet<strong> vertueux<\/strong>, <strong>f\u00e9d\u00e9rateur<\/strong> et porteur de <strong>valeurs<\/strong> au sein de votre entreprise &#8230;<\/p>\n\n\n\n<p><strong>L&rsquo;\u00e9co-parrainage Bee &amp; Cie<\/strong> s&rsquo;inscrit dans une d\u00e9marche de d\u00e9veloppement durable en faveur de la pr\u00e9servation des abeilles et du maintien de la biodiversit\u00e9 \u00e0 l&rsquo;\u00e9chelle locale chez nos apiculteurs.<\/p>\n\n\n\n<p>Engager son entreprise dans un \u00e9co-parrainage Bee &amp; Cie, permet de mobiliser toute une \u00e9quipe dans une d\u00e9marche collective de D\u00e9veloppement Durable gr\u00e2ce \u00e0 une initiative accessible \u00e0 tous, porteuse de valeurs et donnant du sens \u00e0 une d\u00e9marche plus globale.<\/p>\n\n\n\n<p>Engagez votre entreprise dans cette dynamique collective :<\/p>\n\n\n\n<p>Des actions \u00e0 3 niveaux<\/p>\n\n\n\n<p><strong>Sensibilisation<\/strong> \u00e0 la notion d&rsquo;interd\u00e9pendance \/ au r\u00f4le des abeilles dans la biodiversit\u00e9 \/ \u00e0 la fascinante organisation des abeilles \/ \u00e0 l&rsquo;apiculture \/ aux bonnes pratiques \u00e0 la port\u00e9e de tous<\/p>\n\n\n\n<p><strong>Mobilisation <\/strong>de vos \u00e9quipes au message d\u00e9livr\u00e9 \/ challenge cr\u00e9atif pour l&rsquo;identification de votre ruche et sa colonie d&rsquo;abeilles \/ suivi saisonnier du d\u00e9veloppement de la colonie \/ contribution au buzz des bonnes initiatives locales<\/p>\n\n\n\n<p><strong>Communication<\/strong> et diffusion de vos actions men\u00e9es \/ des engagements pris dans le cadre de votre d\u00e9marche de D\u00e9veloppement Durable \/ de messages vertueux \u00e9grain\u00e9s au fil des saisons \/ du partage de votre r\u00e9colte de miel \u00e0 vos collaborateurs et clients<\/p>\n\n\n\n<div class=\"wp-block-buttons is-layout-flex wp-block-buttons-is-layout-flex\">\n<div class=\"wp-block-button\"><a class=\"wp-block-button__link wp-element-button\" href=\"https:\/\/bee-cie.net\/parrainez-une-ruche-aupres-dun-apiculteur-local\/\">L&rsquo;\u00e9co-parrainage en image<\/a><\/div>\n<\/div>\n\n\n\n<div style=\"height:53px\" aria-hidden=\"true\" class=\"wp-block-spacer\"><\/div>\n","protected":false},"excerpt":{"rendered":"<p>Vous voulez mener un projet vertueux, f\u00e9d\u00e9rateur et porteur de valeurs au sein de votre entreprise &#8230; L&rsquo;\u00e9co-parrainage Bee &amp; Cie s&rsquo;inscrit dans une d\u00e9marche de d\u00e9veloppement durable en faveur de la pr\u00e9servation des abeilles et du maintien de la biodiversit\u00e9 \u00e0 l&rsquo;\u00e9chelle locale chez nos apiculteurs. Engager son entreprise [&hellip;]<\/p>\n","protected":false},"author":1,"featured_media":0,"parent":0,"menu_order":0,"comment_status":"closed","ping_status":"closed","template":"","meta":{"footnotes":""},"_links":{"self":[{"href":"https:\/\/bee-cie.com\/index.php\/wp-json\/wp\/v2\/pages\/70"}],"collection":[{"href":"https:\/\/bee-cie.com\/index.php\/wp-json\/wp\/v2\/pages"}],"about":[{"href":"https:\/\/bee-cie.com\/index.php\/wp-json\/wp\/v2\/types\/page"}],"author":[{"embeddable":true,"href":"https:\/\/bee-cie.com\/index.php\/wp-json\/wp\/v2\/users\/1"}],"replies":[{"embeddable":true,"href":"https:\/\/bee-cie.com\/index.php\/wp-json\/wp\/v2\/comments?post=70"}],"version-history":[{"count":2,"href":"https:\/\/bee-cie.com\/index.php\/wp-json\/wp\/v2\/pages\/70\/revisions"}],"predecessor-version":[{"id":77,"href":"https:\/\/bee-cie.com\/index.php\/wp-json\/wp\/v2\/pages\/70\/revisions\/77"}],"wp:attachment":[{"href":"https:\/\/bee-cie.com\/index.php\/wp-json\/wp\/v2\/media?parent=70"}],"curies":[{"name":"wp","href":"https:\/\/api.w.org\/{rel}","templated":true}]}}