{"id":64,"date":"2023-11-21T10:16:53","date_gmt":"2023-11-21T10:16:53","guid":{"rendered":"https:\/\/bee-cie.com\/?page_id=64"},"modified":"2023-11-21T10:44:11","modified_gmt":"2023-11-21T10:44:11","slug":"le-declin-des-abeilles","status":"publish","type":"page","link":"https:\/\/bee-cie.com\/index.php\/le-declin-des-abeilles\/","title":{"rendered":"Le d\u00e9clin des abeilles"},"content":{"rendered":"\n<figure class=\"wp-block-embed is-type-video is-provider-youtube wp-block-embed-youtube wp-embed-aspect-16-9 wp-has-aspect-ratio\"><div class=\"wp-block-embed__wrapper\">\n<iframe loading=\"lazy\" title=\"Le d\u00e9clin des abeilles pourrait co\u00fbter cher\" width=\"750\" height=\"422\" src=\"https:\/\/www.youtube.com\/embed\/GHveEq1pq1U?feature=oembed\" frameborder=\"0\" allow=\"accelerometer; autoplay; clipboard-write; encrypted-media; gyroscope; picture-in-picture; web-share\" allowfullscreen><\/iframe>\n<\/div><\/figure>\n\n\n\n<p>\u00a0\u00bb <em>Si l&rsquo;abeille venait \u00e0 dispara\u00eetre, l&rsquo;homme n&rsquo;aurait plus que 4 ann\u00e9es \u00e0 vivre<\/em> \u00a0\u00bb<\/p>\n\n\n\n<p><strong>C\u00e9l\u00e8bre citation attribu\u00e9e par erreur \u00e0 Albert Einstein<\/strong><\/p>\n\n\n\n<div class=\"wp-block-columns container is-layout-flex wp-container-core-columns-layout-1 wp-block-columns-is-layout-flex\">\n<div class=\"wp-block-column col-md-5 is-layout-flow wp-block-column-is-layout-flow\">\n<div style=\"height:55px\" aria-hidden=\"true\" class=\"wp-block-spacer\"><\/div>\n\n\n\n<p><\/p>\n<\/div>\n\n\n\n<div class=\"wp-block-column col-md-6 col-md-offset1 is-layout-flow wp-block-column-is-layout-flow\">\n<p><\/p>\n<\/div>\n<\/div>\n\n\n\n<div class=\"wp-block-cover alignfull is-light hestia-clear-top-padding\"><span aria-hidden=\"true\" class=\"wp-block-cover__background has-white-background-color has-background-dim-100 has-background-dim\"><\/span><div class=\"wp-block-cover__inner-container is-layout-flow wp-block-cover-is-layout-flow\">\n<div style=\"height:40px\" aria-hidden=\"true\" class=\"wp-block-spacer\"><\/div>\n<\/div><\/div>\n","protected":false},"excerpt":{"rendered":"<p>\u00a0\u00bb Si l&rsquo;abeille venait \u00e0 dispara\u00eetre, l&rsquo;homme n&rsquo;aurait plus que 4 ann\u00e9es \u00e0 vivre \u00a0\u00bb C\u00e9l\u00e8bre citation attribu\u00e9e par erreur \u00e0 Albert Einstein<\/p>\n","protected":false},"author":1,"featured_media":0,"parent":0,"menu_order":0,"comment_status":"closed","ping_status":"closed","template":"","meta":{"footnotes":""},"_links":{"self":[{"href":"https:\/\/bee-cie.com\/index.php\/wp-json\/wp\/v2\/pages\/64"}],"collection":[{"href":"https:\/\/bee-cie.com\/index.php\/wp-json\/wp\/v2\/pages"}],"about":[{"href":"https:\/\/bee-cie.com\/index.php\/wp-json\/wp\/v2\/types\/page"}],"author":[{"embeddable":true,"href":"https:\/\/bee-cie.com\/index.php\/wp-json\/wp\/v2\/users\/1"}],"replies":[{"embeddable":true,"href":"https:\/\/bee-cie.com\/index.php\/wp-json\/wp\/v2\/comments?post=64"}],"version-history":[{"count":1,"href":"https:\/\/bee-cie.com\/index.php\/wp-json\/wp\/v2\/pages\/64\/revisions"}],"predecessor-version":[{"id":65,"href":"https:\/\/bee-cie.com\/index.php\/wp-json\/wp\/v2\/pages\/64\/revisions\/65"}],"wp:attachment":[{"href":"https:\/\/bee-cie.com\/index.php\/wp-json\/wp\/v2\/media?parent=64"}],"curies":[{"name":"wp","href":"https:\/\/api.w.org\/{rel}","templated":true}]}}