{"id":34,"date":"2023-11-21T09:42:36","date_gmt":"2023-11-21T09:42:36","guid":{"rendered":"https:\/\/bee-cie.com\/?page_id=34"},"modified":"2023-11-21T09:45:38","modified_gmt":"2023-11-21T09:45:38","slug":"contact","status":"publish","type":"page","link":"https:\/\/bee-cie.com\/index.php\/contact\/","title":{"rendered":"Contact"},"content":{"rendered":"\n<p><strong>CONTACTEZ-NOUS<\/strong><\/p>\n\n\n\n<p><strong>Envie de d\u00e9marrer un parrainage avec Bee &amp; Cie ? <\/strong><\/p>\n\n\n\n<p><strong>Une id\u00e9e de partenariat ? Ou tout simplement une question ?<\/strong><\/p>\n\n\n\n<p><strong>N&rsquo;h\u00e9sitez-pas ! Appelez-nous au 06 95 97 86 05<\/strong><\/p>\n","protected":false},"excerpt":{"rendered":"<p>CONTACTEZ-NOUS Envie de d\u00e9marrer un parrainage avec Bee &amp; Cie ? Une id\u00e9e de partenariat ? Ou tout simplement une question ? N&rsquo;h\u00e9sitez-pas ! Appelez-nous au 06 95 97 86 05<\/p>\n","protected":false},"author":1,"featured_media":26,"parent":0,"menu_order":0,"comment_status":"closed","ping_status":"closed","template":"page-templates\/template-pagebuilder-full-width.php","meta":{"footnotes":""},"_links":{"self":[{"href":"https:\/\/bee-cie.com\/index.php\/wp-json\/wp\/v2\/pages\/34"}],"collection":[{"href":"https:\/\/bee-cie.com\/index.php\/wp-json\/wp\/v2\/pages"}],"about":[{"href":"https:\/\/bee-cie.com\/index.php\/wp-json\/wp\/v2\/types\/page"}],"author":[{"embeddable":true,"href":"https:\/\/bee-cie.com\/index.php\/wp-json\/wp\/v2\/users\/1"}],"replies":[{"embeddable":true,"href":"https:\/\/bee-cie.com\/index.php\/wp-json\/wp\/v2\/comments?post=34"}],"version-history":[{"count":2,"href":"https:\/\/bee-cie.com\/index.php\/wp-json\/wp\/v2\/pages\/34\/revisions"}],"predecessor-version":[{"id":60,"href":"https:\/\/bee-cie.com\/index.php\/wp-json\/wp\/v2\/pages\/34\/revisions\/60"}],"wp:featuredmedia":[{"embeddable":true,"href":"https:\/\/bee-cie.com\/index.php\/wp-json\/wp\/v2\/media\/26"}],"wp:attachment":[{"href":"https:\/\/bee-cie.com\/index.php\/wp-json\/wp\/v2\/media?parent=34"}],"curies":[{"name":"wp","href":"https:\/\/api.w.org\/{rel}","templated":true}]}}